{"id":936,"date":"2025-05-27T07:46:54","date_gmt":"2025-05-27T07:46:54","guid":{"rendered":"https:\/\/alliance.close.ltd\/contact\/"},"modified":"2026-02-23T11:22:19","modified_gmt":"2026-02-23T11:22:19","slug":"contact","status":"publish","type":"page","link":"https:\/\/alliance.close.ltd\/fr\/contact\/","title":{"rendered":"Contact"},"content":{"rendered":"\t\t<div data-elementor-type=\"wp-page\" data-elementor-id=\"936\" class=\"elementor elementor-936 elementor-107\" data-elementor-settings=\"{&quot;element_pack_global_tooltip_width&quot;:{&quot;unit&quot;:&quot;px&quot;,&quot;size&quot;:&quot;&quot;,&quot;sizes&quot;:[]},&quot;element_pack_global_tooltip_width_tablet&quot;:{&quot;unit&quot;:&quot;px&quot;,&quot;size&quot;:&quot;&quot;,&quot;sizes&quot;:[]},&quot;element_pack_global_tooltip_width_mobile&quot;:{&quot;unit&quot;:&quot;px&quot;,&quot;size&quot;:&quot;&quot;,&quot;sizes&quot;:[]},&quot;element_pack_global_tooltip_padding&quot;:{&quot;unit&quot;:&quot;px&quot;,&quot;top&quot;:&quot;&quot;,&quot;right&quot;:&quot;&quot;,&quot;bottom&quot;:&quot;&quot;,&quot;left&quot;:&quot;&quot;,&quot;isLinked&quot;:true},&quot;element_pack_global_tooltip_padding_tablet&quot;:{&quot;unit&quot;:&quot;px&quot;,&quot;top&quot;:&quot;&quot;,&quot;right&quot;:&quot;&quot;,&quot;bottom&quot;:&quot;&quot;,&quot;left&quot;:&quot;&quot;,&quot;isLinked&quot;:true},&quot;element_pack_global_tooltip_padding_mobile&quot;:{&quot;unit&quot;:&quot;px&quot;,&quot;top&quot;:&quot;&quot;,&quot;right&quot;:&quot;&quot;,&quot;bottom&quot;:&quot;&quot;,&quot;left&quot;:&quot;&quot;,&quot;isLinked&quot;:true},&quot;element_pack_global_tooltip_border_radius&quot;:{&quot;unit&quot;:&quot;px&quot;,&quot;top&quot;:&quot;&quot;,&quot;right&quot;:&quot;&quot;,&quot;bottom&quot;:&quot;&quot;,&quot;left&quot;:&quot;&quot;,&quot;isLinked&quot;:true},&quot;element_pack_global_tooltip_border_radius_tablet&quot;:{&quot;unit&quot;:&quot;px&quot;,&quot;top&quot;:&quot;&quot;,&quot;right&quot;:&quot;&quot;,&quot;bottom&quot;:&quot;&quot;,&quot;left&quot;:&quot;&quot;,&quot;isLinked&quot;:true},&quot;element_pack_global_tooltip_border_radius_mobile&quot;:{&quot;unit&quot;:&quot;px&quot;,&quot;top&quot;:&quot;&quot;,&quot;right&quot;:&quot;&quot;,&quot;bottom&quot;:&quot;&quot;,&quot;left&quot;:&quot;&quot;,&quot;isLinked&quot;:true}}\">\n\t\t\t\t<div class=\"elementor-element elementor-element-ded3fad e-flex e-con-boxed e-con e-parent\" data-id=\"ded3fad\" data-element_type=\"container\" data-e-type=\"container\" data-settings=\"{&quot;background_background&quot;:&quot;gradient&quot;}\">\n\t\t\t\t\t<div class=\"e-con-inner\">\n\t\t<div class=\"elementor-element elementor-element-9ec5e64 e-con-full e-flex e-con e-child\" data-id=\"9ec5e64\" data-element_type=\"container\" data-e-type=\"container\">\n\t\t\t\t<div class=\"elementor-element elementor-element-1a3262b elementor-widget elementor-widget-heading\" data-id=\"1a3262b\" data-element_type=\"widget\" data-e-type=\"widget\" data-widget_type=\"heading.default\">\n\t\t\t\t<div class=\"elementor-widget-container\">\n\t\t\t\t\t<h5 class=\"elementor-heading-title elementor-size-default\">Contact<\/h5>\t\t\t\t<\/div>\n\t\t\t\t<\/div>\n\t\t\t\t<div class=\"elementor-element elementor-element-e87f70d elementor-widget-tablet__width-inherit elementor-widget-mobile__width-inherit elementor-widget elementor-widget-heading\" data-id=\"e87f70d\" data-element_type=\"widget\" data-e-type=\"widget\" data-widget_type=\"heading.default\">\n\t\t\t\t<div class=\"elementor-widget-container\">\n\t\t\t\t\t<h1 class=\"elementor-heading-title elementor-size-default\">N\u2019h\u00e9sitez pas \u00e0 nous contacter<\/h1>\t\t\t\t<\/div>\n\t\t\t\t<\/div>\n\t\t\t\t<div class=\"elementor-element elementor-element-5238f14 elementor-widget__width-initial elementor-widget-tablet__width-inherit elementor-widget-mobile__width-inherit elementor-widget elementor-widget-text-editor\" data-id=\"5238f14\" data-element_type=\"widget\" data-e-type=\"widget\" data-widget_type=\"text-editor.default\">\n\t\t\t\t<div class=\"elementor-widget-container\">\n\t\t\t\t\t\t\t\t\t<p>Notre \u00e9quipe est \u00e0 votre disposition pour r\u00e9pondre \u00e0 toutes vos questions ou vous apporter l\u2019assistance dont vous pourriez avoir besoin. Que vous souhaitiez obtenir davantage d\u2019informations sur nos services ou que vous ayez besoin d\u2019aide pour les efforts de lev\u00e9e de fonds de votre startup, nous sommes pr\u00eats \u00e0 vous accompagner. <\/p>\t\t\t\t\t\t\t\t<\/div>\n\t\t\t\t<\/div>\n\t\t\t\t<div data-ep-wrapper-link=\"{&quot;url&quot;:&quot;#&quot;,&quot;is_external&quot;:&quot;&quot;,&quot;nofollow&quot;:&quot;&quot;,&quot;custom_attributes&quot;:&quot;&quot;}\" style=\"cursor: pointer\" class=\"bdt-element-link elementor-element elementor-element-1a0b854 elementor-position-left elementor-vertical-align-middle elementor-widget__width-auto bdt-global-link-yes bdt-icon-type-icon bdt-icon-effect-none elementor-widget elementor-widget-bdt-advanced-icon-box\" data-id=\"1a0b854\" data-element_type=\"widget\" data-e-type=\"widget\" data-widget_type=\"bdt-advanced-icon-box.default\">\n\t\t\t\t<div class=\"elementor-widget-container\">\n\t\t\t\t\t\t\t<div class=\"bdt-ep-advanced-icon-box\" onclick=\"window.open(&#039;mailto:hello@close.ltd&#039;, &#039;_self&#039;)\">\n\n\t\t\t\t\t\t\t\n\t\t\t\t\t<div class=\"bdt-ep-advanced-icon-box-icon\">\n\t\t\t\t<span class=\"bdt-ep-advanced-icon-box-icon-wrap\">\n\n\n\t\t\t\t\t\n\t\t\t\t\t\t<svg aria-hidden=\"true\" class=\"e-font-icon-svg e-far-envelope\" viewBox=\"0 0 512 512\" xmlns=\"http:\/\/www.w3.org\/2000\/svg\"><path d=\"M464 64H48C21.49 64 0 85.49 0 112v288c0 26.51 21.49 48 48 48h416c26.51 0 48-21.49 48-48V112c0-26.51-21.49-48-48-48zm0 48v40.805c-22.422 18.259-58.168 46.651-134.587 106.49-16.841 13.247-50.201 45.072-73.413 44.701-23.208.375-56.579-31.459-73.413-44.701C106.18 199.465 70.425 171.067 48 152.805V112h416zM48 400V214.398c22.914 18.251 55.409 43.862 104.938 82.646 21.857 17.205 60.134 55.186 103.062 54.955 42.717.231 80.509-37.199 103.053-54.947 49.528-38.783 82.032-64.401 104.947-82.653V400H48z\"><\/path><\/svg>\n\n\t\t\t\t\t\t\t\t\t<\/span>\n\t\t\t<\/div>\n\t\t\n\t\t\t\t\n\t\t\t<div class=\"bdt-ep-advanced-icon-box-content\">\n\n\t\t\t\t\t\t\t\t\t\n\t\t\t\t\t<h4 class=\"bdt-ep-advanced-icon-box-title ep-title-\">\n\t\t\t\t<span >\n\t\t\t\t\thello@close.ltd\t\t\t\t<\/span>\n\t\t\t<\/h4>\n\t\t\n\n\t\t\n\t\t\t\t\t\n\t\t\t\t\n\t\t\t\t\n\t\t\t\t\t\t\t<\/div>\n\t\t<\/div>\n\n\t\t\n\t\t\n\t\t\t\t<\/div>\n\t\t\t\t<\/div>\n\t\t\t\t<div class=\"elementor-element elementor-element-173664b elementor-widget elementor-widget-spacer\" data-id=\"173664b\" data-element_type=\"widget\" data-e-type=\"widget\" data-widget_type=\"spacer.default\">\n\t\t\t\t<div class=\"elementor-widget-container\">\n\t\t\t\t\t\t\t<div class=\"elementor-spacer\">\n\t\t\t<div class=\"elementor-spacer-inner\"><\/div>\n\t\t<\/div>\n\t\t\t\t\t\t<\/div>\n\t\t\t\t<\/div>\n\t\t\t\t<div data-ep-wrapper-link=\"{&quot;url&quot;:&quot;#&quot;,&quot;is_external&quot;:&quot;&quot;,&quot;nofollow&quot;:&quot;&quot;,&quot;custom_attributes&quot;:&quot;&quot;}\" style=\"cursor: pointer\" class=\"bdt-element-link elementor-element elementor-element-e63ddfd elementor-position-left elementor-vertical-align-middle elementor-widget__width-auto bdt-global-link-yes bdt-icon-type-icon bdt-icon-effect-none elementor-widget elementor-widget-bdt-advanced-icon-box\" data-id=\"e63ddfd\" data-element_type=\"widget\" data-e-type=\"widget\" data-widget_type=\"bdt-advanced-icon-box.default\">\n\t\t\t\t<div class=\"elementor-widget-container\">\n\t\t\t\t\t\t\t<div class=\"bdt-ep-advanced-icon-box\" onclick=\"window.open(&#039;tel:+41788001160&#039;, &#039;_self&#039;)\">\n\n\t\t\t\t\t\t\t\n\t\t\t\t\t<div class=\"bdt-ep-advanced-icon-box-icon\">\n\t\t\t\t<span class=\"bdt-ep-advanced-icon-box-icon-wrap\">\n\n\n\t\t\t\t\t\n\t\t\t\t\t\t<svg aria-hidden=\"true\" class=\"e-font-icon-svg e-fas-phone-alt\" viewBox=\"0 0 512 512\" xmlns=\"http:\/\/www.w3.org\/2000\/svg\"><path d=\"M497.39 361.8l-112-48a24 24 0 0 0-28 6.9l-49.6 60.6A370.66 370.66 0 0 1 130.6 204.11l60.6-49.6a23.94 23.94 0 0 0 6.9-28l-48-112A24.16 24.16 0 0 0 122.6.61l-104 24A24 24 0 0 0 0 48c0 256.5 207.9 464 464 464a24 24 0 0 0 23.4-18.6l24-104a24.29 24.29 0 0 0-14.01-27.6z\"><\/path><\/svg>\n\n\t\t\t\t\t\t\t\t\t<\/span>\n\t\t\t<\/div>\n\t\t\n\t\t\t\t\n\t\t\t<div class=\"bdt-ep-advanced-icon-box-content\">\n\n\t\t\t\t\t\t\t\t\t\n\t\t\t\t\t<h4 class=\"bdt-ep-advanced-icon-box-title ep-title-\">\n\t\t\t\t<span >\n\t\t\t\t\t+41 58 255 83 00\t\t\t\t<\/span>\n\t\t\t<\/h4>\n\t\t\n\n\t\t\n\t\t\t\t\t\n\t\t\t\t\n\t\t\t\t\n\t\t\t\t\t\t\t<\/div>\n\t\t<\/div>\n\n\t\t\n\t\t\n\t\t\t\t<\/div>\n\t\t\t\t<\/div>\n\t\t\t\t<div class=\"elementor-element elementor-element-63b6c12 elementor-widget elementor-widget-spacer\" data-id=\"63b6c12\" data-element_type=\"widget\" data-e-type=\"widget\" data-widget_type=\"spacer.default\">\n\t\t\t\t<div class=\"elementor-widget-container\">\n\t\t\t\t\t\t\t<div class=\"elementor-spacer\">\n\t\t\t<div class=\"elementor-spacer-inner\"><\/div>\n\t\t<\/div>\n\t\t\t\t\t\t<\/div>\n\t\t\t\t<\/div>\n\t\t\t\t<div data-ep-wrapper-link=\"{&quot;url&quot;:&quot;#&quot;,&quot;is_external&quot;:&quot;&quot;,&quot;nofollow&quot;:&quot;&quot;,&quot;custom_attributes&quot;:&quot;&quot;}\" style=\"cursor: pointer\" class=\"bdt-element-link elementor-element elementor-element-66a375c elementor-position-left elementor-vertical-align-middle elementor-widget__width-auto bdt-global-link-yes bdt-icon-type-icon bdt-icon-effect-none elementor-widget elementor-widget-bdt-advanced-icon-box\" data-id=\"66a375c\" data-element_type=\"widget\" data-e-type=\"widget\" data-widget_type=\"bdt-advanced-icon-box.default\">\n\t\t\t\t<div class=\"elementor-widget-container\">\n\t\t\t\t\t\t\t<div class=\"bdt-ep-advanced-icon-box\" onclick=\"window.open(&#039;https:\/\/maps.app.goo.gl\/QkSbT8HwZ3nrtkkT7&#039;, &#039;_self&#039;)\">\n\n\t\t\t\t\t\t\t\n\t\t\t\t\t<div class=\"bdt-ep-advanced-icon-box-icon\">\n\t\t\t\t<span class=\"bdt-ep-advanced-icon-box-icon-wrap\">\n\n\n\t\t\t\t\t\n\t\t\t\t\t\t<svg aria-hidden=\"true\" class=\"e-font-icon-svg e-fas-map-marker-alt\" viewBox=\"0 0 384 512\" xmlns=\"http:\/\/www.w3.org\/2000\/svg\"><path d=\"M172.268 501.67C26.97 291.031 0 269.413 0 192 0 85.961 85.961 0 192 0s192 85.961 192 192c0 77.413-26.97 99.031-172.268 309.67-9.535 13.774-29.93 13.773-39.464 0zM192 272c44.183 0 80-35.817 80-80s-35.817-80-80-80-80 35.817-80 80 35.817 80 80 80z\"><\/path><\/svg>\n\n\t\t\t\t\t\t\t\t\t<\/span>\n\t\t\t<\/div>\n\t\t\n\t\t\t\t\n\t\t\t<div class=\"bdt-ep-advanced-icon-box-content\">\n\n\t\t\t\t\t\t\t\t\t\n\t\t\t\t\t<h4 class=\"bdt-ep-advanced-icon-box-title ep-title-\">\n\t\t\t\t<span >\n\t\t\t\t\tRoute de Saint-Julien 198, 1227 Plan-les-Ouates, Geneva, Switzerland\t\t\t\t<\/span>\n\t\t\t<\/h4>\n\t\t\n\n\t\t\n\t\t\t\t\t\n\t\t\t\t\n\t\t\t\t\n\t\t\t\t\t\t\t<\/div>\n\t\t<\/div>\n\n\t\t\n\t\t\n\t\t\t\t<\/div>\n\t\t\t\t<\/div>\n\t\t\t\t<\/div>\n\t\t<div class=\"elementor-element elementor-element-e6d1afc e-con-full e-flex e-con e-child\" data-id=\"e6d1afc\" data-element_type=\"container\" data-e-type=\"container\">\n\t\t\t\t<div class=\"elementor-element elementor-element-7767dfe elementor-widget elementor-widget-bdt-quform\" data-id=\"7767dfe\" data-element_type=\"widget\" data-e-type=\"widget\" data-widget_type=\"bdt-quform.default\">\n\t\t\t\t<div class=\"elementor-widget-container\">\n\t\t\t\t\t<div id=\"quform-594413\" class=\"quform quform-1 quform-theme-light quform-support-page-caching\"><form id=\"quform-form-594413\" class=\"quform-form quform-form-1\" action=\"\/fr\/wp-json\/wp\/v2\/pages\/936#quform-594413\" method=\"post\" enctype=\"multipart\/form-data\" novalidate=\"novalidate\" data-options=\"{&quot;id&quot;:1,&quot;uniqueId&quot;:&quot;594413&quot;,&quot;theme&quot;:&quot;light&quot;,&quot;ajax&quot;:true,&quot;logic&quot;:{&quot;logic&quot;:{&quot;18&quot;:{&quot;action&quot;:true,&quot;match&quot;:&quot;all&quot;,&quot;rules&quot;:[{&quot;elementId&quot;:&quot;16&quot;,&quot;operator&quot;:&quot;eq&quot;,&quot;optionId&quot;:&quot;2&quot;,&quot;value&quot;:&quot;I am interested in acquire\\u00a0a company&quot;}]}},&quot;dependents&quot;:{&quot;16&quot;:[18]},&quot;elementIds&quot;:[18],&quot;dependentElementIds&quot;:[&quot;16&quot;],&quot;animate&quot;:true},&quot;currentPageId&quot;:1,&quot;errorsIcon&quot;:&quot;&quot;,&quot;updateFancybox&quot;:true,&quot;hasPages&quot;:false,&quot;pages&quot;:[1],&quot;pageProgressType&quot;:&quot;numbers&quot;,&quot;tooltipsEnabled&quot;:true,&quot;tooltipClasses&quot;:&quot;qtip-quform-dark qtip-shadow&quot;,&quot;tooltipMy&quot;:&quot;left center&quot;,&quot;tooltipAt&quot;:&quot;right center&quot;,&quot;isRtl&quot;:false,&quot;scrollOffset&quot;:-50,&quot;scrollSpeed&quot;:800}\"><button class=\"quform-default-submit\" name=\"quform_submit\" type=\"submit\" value=\"submit\" aria-hidden=\"true\" tabindex=\"-1\"><\/button><div class=\"quform-form-inner quform-form-inner-1\"><input type=\"hidden\" name=\"quform_form_id\" value=\"1\" \/><input type=\"hidden\" name=\"quform_form_uid\" value=\"594413\" \/><input type=\"hidden\" name=\"quform_count\" value=\"1\" \/><input type=\"hidden\" name=\"form_url\" value=\"https:\/\/alliance.close.ltd\/fr\/wp-json\/wp\/v2\/pages\/936\" \/><input type=\"hidden\" name=\"referring_url\" value=\"\" \/><input type=\"hidden\" name=\"post_id\" value=\"\" \/><input type=\"hidden\" name=\"post_title\" value=\"\" \/><input type=\"hidden\" name=\"quform_current_page_id\" value=\"1\" \/><input type=\"hidden\" name=\"quform_csrf_token\" value=\"4RcthcmgAEfNVVDt8bGcmQ2aUCadoeMbZsGBRLBp\" \/><div class=\"quform-elements quform-elements-1 quform-cf quform-responsive-elements-phone-landscape\"><div class=\"quform-element quform-element-page quform-page-1 quform-page-1_1 quform-cf quform-group-style-plain quform-first-page quform-last-page quform-current-page\"><div class=\"quform-child-elements\"><div class=\"quform-element quform-element-select quform-element-1_16 quform-cf quform-element-required\"><div class=\"quform-spacer\"><div class=\"quform-inner quform-inner-select quform-inner-1_16\"><div class=\"quform-input quform-input-select quform-input-1_16 quform-cf\"><select id=\"quform_1_16_594413\" name=\"quform_1_16\" class=\"quform-field quform-field-select quform-field-1_16\"><option value=\"\" selected=\"selected\">Please select<\/option><option value=\"I am interested in selling my company\">I am interested in selling my company<\/option><option value=\"I am interested in acquire\u00a0a company\">I am interested in acquire\u00a0a company<\/option><option value=\"I do not desire to answer\">I do not desire to answer<\/option><\/select><\/div><\/div><\/div><\/div><div class=\"quform-element quform-element-name quform-element-1_3 quform-cf quform-element-required\"><div class=\"quform-spacer\"><div class=\"quform-inner quform-inner-name quform-inner-1_3\"><div class=\"quform-input quform-input-name quform-input-1_3 quform-cf\"><div class=\"quform-element-row quform-2-columns quform-element-row-size-fixed quform-responsive-columns-phone-landscape\"><div class=\"quform-element-column\"><div class=\"quform-element quform-element-text quform-element-1_3_2 quform-cf quform-element-required\"><div class=\"quform-spacer\"><div class=\"quform-inner quform-inner-text quform-inner-1_3_2\"><div class=\"quform-input quform-input-text quform-input-1_3_2 quform-cf\"><input type=\"text\" id=\"quform_1_3_2_594413\" name=\"quform_1_3[2]\" class=\"quform-field quform-field-text quform-field-1_3_2\" placeholder=\"Name\" \/><\/div><\/div><\/div><\/div><\/div><div class=\"quform-element-column\"><div class=\"quform-element quform-element-text quform-element-1_3_4 quform-cf quform-element-required\"><div class=\"quform-spacer\"><div class=\"quform-inner quform-inner-text quform-inner-1_3_4\"><div class=\"quform-input quform-input-text quform-input-1_3_4 quform-cf\"><input type=\"text\" id=\"quform_1_3_4_594413\" name=\"quform_1_3[4]\" class=\"quform-field quform-field-text quform-field-1_3_4\" placeholder=\"Surname\" \/><\/div><\/div><\/div><\/div><\/div><\/div><\/div><\/div><\/div><\/div><div class=\"quform-element quform-element-email quform-element-1_4 quform-cf quform-element-required\"><div class=\"quform-spacer\"><div class=\"quform-inner quform-inner-email quform-inner-1_4\"><div class=\"quform-input quform-input-email quform-input-1_4 quform-cf\"><input type=\"email\" id=\"quform_1_4_594413\" name=\"quform_1_4\" class=\"quform-field quform-field-email quform-field-1_4\" placeholder=\"Email\" \/><\/div><\/div><\/div><\/div><div class=\"quform-element quform-element-text quform-element-1_15 quform-cf quform-element-optional\"><div class=\"quform-spacer\"><div class=\"quform-inner quform-inner-text quform-inner-1_15\"><div class=\"quform-input quform-input-text quform-input-1_15 quform-cf\"><input type=\"text\" id=\"quform_1_15_594413\" name=\"quform_1_15\" class=\"quform-field quform-field-text quform-field-1_15\" placeholder=\"Phone\" \/><\/div><\/div><\/div><\/div><div class=\"quform-element quform-element-textarea quform-element-1_5 quform-cf quform-element-optional\"><div class=\"quform-spacer\"><div class=\"quform-inner quform-inner-textarea quform-inner-1_5 quform-field-size-slim\"><div class=\"quform-input quform-input-textarea quform-input-1_5 quform-cf\"><textarea id=\"quform_1_5_594413\" name=\"quform_1_5\" class=\"quform-field quform-field-textarea quform-field-1_5\" placeholder=\"Message\"><\/textarea><\/div><\/div><\/div><\/div><div class=\"quform-element quform-element-file quform-element-1_18 quform-cf quform-element-optional\"><div class=\"quform-spacer\"><div class=\"quform-label quform-label-1_18\"><label class=\"quform-label-text\" for=\"quform_1_18_594413\">Upload<\/label><\/div><div class=\"quform-inner quform-inner-file quform-inner-1_18\"><div class=\"quform-input quform-input-file quform-input-1_18 quform-cf quform-button-style-theme\"><input type=\"file\" id=\"quform_1_18_594413\" name=\"quform_1_18[]\" class=\"quform-field quform-field-file quform-field-1_18 quform-field-file-enhanced\" data-config=\"{&quot;id&quot;:18,&quot;identifier&quot;:&quot;1_18&quot;,&quot;name&quot;:&quot;quform_1_18&quot;,&quot;max&quot;:1,&quot;size&quot;:10485760,&quot;allowedExtensions&quot;:[&quot;jpg&quot;,&quot;jpeg&quot;,&quot;png&quot;,&quot;pdf&quot;,&quot;doc&quot;,&quot;docx&quot;,&quot;txt&quot;],&quot;notAllowedTypeWithFilename&quot;:&quot;Type de fichier \\u00ab %filename% \\u00bb non autoris\\u00e9&quot;,&quot;tooBigWithFilename&quot;:&quot;Le fichier \\u00ab %filename% \\u00bb d\\u00e9passe la taille maximale de fichier autoris\\u00e9e&quot;,&quot;tooMany&quot;:&quot;Vous ne pouvez pas envoyer plus de %max% fichier(s)&quot;,&quot;buttonType&quot;:&quot;dropzone&quot;,&quot;buttonText&quot;:&quot;Parcourir...&quot;,&quot;buttonIcon&quot;:&quot;qicon-file_upload&quot;,&quot;buttonIconPosition&quot;:&quot;right&quot;}\" \/><\/div><\/div><\/div><\/div><div class=\"quform-element quform-element-select quform-element-1_17 quform-cf quform-element-required\"><div class=\"quform-spacer\"><div class=\"quform-inner quform-inner-select quform-inner-1_17\"><div class=\"quform-input quform-input-select quform-input-1_17 quform-cf\"><select id=\"quform_1_17_594413\" name=\"quform_1_17\" class=\"quform-field quform-field-select quform-field-1_17\"><option value=\"\" selected=\"selected\">Do you want to subscribe to the newsletter?<\/option><option value=\"Yes\">Yes<\/option><option value=\"No\">No<\/option><\/select><\/div><\/div><\/div><\/div><div class=\"quform-element quform-element-checkbox quform-element-1_6 quform-cf quform-element-required\"><div class=\"quform-spacer\"><div class=\"quform-inner quform-inner-checkbox quform-inner-1_6\"><div class=\"quform-input quform-input-checkbox quform-input-1_6 quform-cf\"><div class=\"quform-options quform-cf quform-options-block quform-options-simple\"><div class=\"quform-option\"><input type=\"checkbox\" name=\"quform_1_6[]\" id=\"quform_1_6_594413_1\" class=\"quform-field quform-field-checkbox quform-field-1_6 quform-field-1_6_1\" value=\"I agree to the data processing according to the privacy policy\" \/><label for=\"quform_1_6_594413_1\" class=\"quform-option-label quform-option-label-1_6_1\"><span class=\"quform-option-text\">I agree to the data processing according to the privacy policy<\/span><\/label><\/div><\/div><\/div><p class=\"quform-description quform-description-below\"><a href=\"https:\/\/alliance.close.ltd\/\/privacy-policy\/\">See privacy policy<\/a><\/p><\/div><\/div><\/div><div class=\"quform-element quform-element-submit quform-element-1_2 quform-cf quform-button-style-theme quform-button-width-full\"><div class=\"quform-button-submit quform-button-submit-default quform-button-submit-1_2\"><button name=\"quform_submit\" type=\"submit\" class=\"quform-submit\" value=\"submit\"><span class=\"quform-button-text quform-button-submit-text\">Send<\/span><\/button><\/div><div class=\"quform-loading quform-loading-position-left quform-loading-type-spinner-1\"><div class=\"quform-loading-inner\"><div class=\"quform-loading-spinner\"><div class=\"quform-loading-spinner-inner\"><\/div><\/div><\/div><\/div><\/div><div class=\"quform-element-tree\"><label for=\"quform_1_0_594413\">Ce champ devrait \u00eatre laiss\u00e9 vide<\/label><input type=\"text\" id=\"quform_1_0_594413\" name=\"quform_1_0\" class=\"quform-field quform-field-tree quform-field-1_0\" tabindex=\"-1\" autocomplete=\"off\" \/><\/div><\/div><\/div><\/div><div class=\"quform-upload-progress-wrap\"><div class=\"quform-upload-progress-bar-wrap\"><div class=\"quform-upload-progress-bar\"><\/div><\/div><div class=\"quform-upload-info quform-cf\"><div class=\"quform-upload-filename\"><\/div><\/div><\/div><\/div><\/form><\/div>\t\t\t\t<\/div>\n\t\t\t\t<\/div>\n\t\t\t\t<\/div>\n\t\t\t\t\t<\/div>\n\t\t\t\t<\/div>\n\t\t\t\t<\/div>\n\t\t","protected":false},"excerpt":{"rendered":"<p>Contact N\u2019h\u00e9sitez pas \u00e0 nous contacter Notre \u00e9quipe est \u00e0 votre disposition pour r\u00e9pondre \u00e0 toutes vos questions ou vous apporter l\u2019assistance [&hellip;]<\/p>\n","protected":false},"author":1,"featured_media":0,"parent":0,"menu_order":0,"comment_status":"closed","ping_status":"closed","template":"","meta":{"footnotes":""},"class_list":["post-936","page","type-page","status-publish","hentry"],"_links":{"self":[{"href":"https:\/\/alliance.close.ltd\/fr\/wp-json\/wp\/v2\/pages\/936","targetHints":{"allow":["GET"]}}],"collection":[{"href":"https:\/\/alliance.close.ltd\/fr\/wp-json\/wp\/v2\/pages"}],"about":[{"href":"https:\/\/alliance.close.ltd\/fr\/wp-json\/wp\/v2\/types\/page"}],"author":[{"embeddable":true,"href":"https:\/\/alliance.close.ltd\/fr\/wp-json\/wp\/v2\/users\/1"}],"replies":[{"embeddable":true,"href":"https:\/\/alliance.close.ltd\/fr\/wp-json\/wp\/v2\/comments?post=936"}],"version-history":[{"count":4,"href":"https:\/\/alliance.close.ltd\/fr\/wp-json\/wp\/v2\/pages\/936\/revisions"}],"predecessor-version":[{"id":2032,"href":"https:\/\/alliance.close.ltd\/fr\/wp-json\/wp\/v2\/pages\/936\/revisions\/2032"}],"wp:attachment":[{"href":"https:\/\/alliance.close.ltd\/fr\/wp-json\/wp\/v2\/media?parent=936"}],"curies":[{"name":"wp","href":"https:\/\/api.w.org\/{rel}","templated":true}]}}