{"id":999,"date":"2025-05-27T08:28:47","date_gmt":"2025-05-27T08:28:47","guid":{"rendered":"https:\/\/alliance.close.ltd\/condiciones-de-uso\/"},"modified":"2026-02-23T11:28:15","modified_gmt":"2026-02-23T11:28:15","slug":"condiciones-de-uso","status":"publish","type":"page","link":"https:\/\/alliance.close.ltd\/es\/condiciones-de-uso\/","title":{"rendered":"Condiciones de uso"},"content":{"rendered":"\t\t<div data-elementor-type=\"wp-page\" data-elementor-id=\"999\" class=\"elementor elementor-999 elementor-144\" data-elementor-settings=\"{&quot;element_pack_global_tooltip_width&quot;:{&quot;unit&quot;:&quot;px&quot;,&quot;size&quot;:&quot;&quot;,&quot;sizes&quot;:[]},&quot;element_pack_global_tooltip_width_tablet&quot;:{&quot;unit&quot;:&quot;px&quot;,&quot;size&quot;:&quot;&quot;,&quot;sizes&quot;:[]},&quot;element_pack_global_tooltip_width_mobile&quot;:{&quot;unit&quot;:&quot;px&quot;,&quot;size&quot;:&quot;&quot;,&quot;sizes&quot;:[]},&quot;element_pack_global_tooltip_padding&quot;:{&quot;unit&quot;:&quot;px&quot;,&quot;top&quot;:&quot;&quot;,&quot;right&quot;:&quot;&quot;,&quot;bottom&quot;:&quot;&quot;,&quot;left&quot;:&quot;&quot;,&quot;isLinked&quot;:true},&quot;element_pack_global_tooltip_padding_tablet&quot;:{&quot;unit&quot;:&quot;px&quot;,&quot;top&quot;:&quot;&quot;,&quot;right&quot;:&quot;&quot;,&quot;bottom&quot;:&quot;&quot;,&quot;left&quot;:&quot;&quot;,&quot;isLinked&quot;:true},&quot;element_pack_global_tooltip_padding_mobile&quot;:{&quot;unit&quot;:&quot;px&quot;,&quot;top&quot;:&quot;&quot;,&quot;right&quot;:&quot;&quot;,&quot;bottom&quot;:&quot;&quot;,&quot;left&quot;:&quot;&quot;,&quot;isLinked&quot;:true},&quot;element_pack_global_tooltip_border_radius&quot;:{&quot;unit&quot;:&quot;px&quot;,&quot;top&quot;:&quot;&quot;,&quot;right&quot;:&quot;&quot;,&quot;bottom&quot;:&quot;&quot;,&quot;left&quot;:&quot;&quot;,&quot;isLinked&quot;:true},&quot;element_pack_global_tooltip_border_radius_tablet&quot;:{&quot;unit&quot;:&quot;px&quot;,&quot;top&quot;:&quot;&quot;,&quot;right&quot;:&quot;&quot;,&quot;bottom&quot;:&quot;&quot;,&quot;left&quot;:&quot;&quot;,&quot;isLinked&quot;:true},&quot;element_pack_global_tooltip_border_radius_mobile&quot;:{&quot;unit&quot;:&quot;px&quot;,&quot;top&quot;:&quot;&quot;,&quot;right&quot;:&quot;&quot;,&quot;bottom&quot;:&quot;&quot;,&quot;left&quot;:&quot;&quot;,&quot;isLinked&quot;:true}}\">\n\t\t\t\t<div class=\"elementor-element elementor-element-ce8c968 e-flex e-con-boxed e-con e-parent\" data-id=\"ce8c968\" data-element_type=\"container\" data-e-type=\"container\">\n\t\t\t\t\t<div class=\"e-con-inner\">\n\t\t\t\t<div class=\"elementor-element elementor-element-f268a76 elementor-widget elementor-widget-text-editor\" data-id=\"f268a76\" data-element_type=\"widget\" data-e-type=\"widget\" data-widget_type=\"text-editor.default\">\n\t\t\t\t<div class=\"elementor-widget-container\">\n\t\t\t\t\t\t\t\t\t<p>Bienvenido a www.close.ltd (el Sitio), un sitio web gestionado por la empresa Close SA, con sede en route de Saint-Julien 198, 1228 Plan-les-Ouates, Suiza (CSA).<\/p><p class=\"termp\">1. Aceptaci\u00f3n y modificaci\u00f3n de las Condiciones de uso<\/p><p>Su acceso y uso del Sitio se rigen por estas condiciones de uso (Condiciones de uso). Al acceder, navegar y utilizar el Sitio, usted reconoce que ha le\u00eddo, comprendido y aceptado sin reservas las Condiciones de uso, seg\u00fan las modifiquemos peri\u00f3dicamente. <\/p><p>Si decidimos cambiar nuestras Condiciones de uso, cargaremos la nueva versi\u00f3n en el Sitio. Por lo tanto, le invitamos a consultar estas Condiciones de uso regularmente para tomar nota de cualquier cambio. <\/p><p class=\"termp\">2. Acceso al Sitio<\/p><p>Al utilizar el Sitio, usted confirma que tiene al menos 18 a\u00f1os y pleno ejercicio de sus derechos civiles. Las personas menores de 18 a\u00f1os o cuyo ejercicio de los derechos civiles est\u00e9 restringido por una medida de protecci\u00f3n de adultos solo pueden utilizar el Sitio con el consentimiento y bajo la supervisi\u00f3n de uno de sus padres o representantes legales. <\/p><p>Si utiliza el Sitio o sus funciones en nombre de una entidad legal, confirma que est\u00e1 autorizado para hacerlo.<\/p><p>El equipo y el material (ordenador, software, medios de telecomunicaci\u00f3n, etc.) necesarios para acceder al Sitio corren por su cuenta exclusiva, al igual que los costes de telecomunicaci\u00f3n derivados de su uso.<\/p><p class=\"termp\">3. Derechos de autor y propiedad intelectual<\/p><p>El contenido del Sitio y, en particular, pero no exclusivamente, los textos, marcas, logotipos, gr\u00e1ficos, fotograf\u00edas, v\u00eddeos, sonidos, m\u00fasica, dise\u00f1os, maquetaci\u00f3n, conocimientos t\u00e9cnicos, tecnolog\u00edas, productos, servicios y procesos, son propiedad de CSA o de sus filiales o se utilizan con la autorizaci\u00f3n de los propietarios y, como tales, est\u00e1n protegidos por sus derechos de autor, marcas o cualquier otro derecho de propiedad intelectual o industrial reconocido seg\u00fan las leyes vigentes.<\/p><p>Sujeto a las disposiciones del art\u00edculo 4 a continuaci\u00f3n, ning\u00fan elemento del Sitio podr\u00e1 interpretarse como la concesi\u00f3n de una licencia o un derecho a utilizar un elemento presentado en el Sitio.<\/p><p class=\"termp\">4. Uso del Sitio<\/p><p>Sujeto al cumplimiento de estas Condiciones de uso, y en la medida especificada en el presente documento, se le concede un derecho revocable, no exclusivo, no sublicenciable y no transferible para acceder al Sitio y utilizar sus contenidos \u00fanicamente para su uso personal y no comercial.<\/p><p>Puede descargar, visualizar o imprimir los contenidos del Sitio \u00fanicamente para su uso personal y no comercial, y debe conservar y reproducir cualquier aviso de derechos de autor u otros avisos de propiedad contenidos en la informaci\u00f3n o material que descargue. Cualquier otro uso del Sitio est\u00e1 prohibido, incluyendo, sin limitaci\u00f3n: (i) utilizar o acceder al Sitio para fines distintos a los previstos en estas Condiciones de uso; (ii) copiar, reproducir, modificar, adaptar o alterar el Sitio o sus contenidos; (iii) crear obras derivadas del Sitio o de elementos del mismo; (iv) acceder o intentar acceder al c\u00f3digo fuente del Sitio mediante t\u00e9cnicas de descompilaci\u00f3n, ingenier\u00eda inversa o cualquier otro medio; (v) poner a disposici\u00f3n de terceros la totalidad o parte del Sitio o del contenido cuyo acceso est\u00e9 restringido.      <\/p><p>Usted se compromete a no infringir ninguna norma legal ni a utilizar el Sitio para fines il\u00edcitos; a no incluir informaci\u00f3n falsa, incompleta o inexacta; a no incluir virus, troyanos, gusanos, bombas de tiempo ni cualquier otro programa dise\u00f1ado para da\u00f1ar, afectar negativamente, interceptar o anular cualquier sistema, dato o informaci\u00f3n personal.<\/p><p>CSA no garantiza que el uso que usted haga de un elemento presentado en el Sitio no infrinja ning\u00fan derecho de un tercero.<\/p><p class=\"termp\">5. Informaci\u00f3n considerada no confidencial<\/p><p>Cualquier dato e informaci\u00f3n que transmita al Sitio a trav\u00e9s de Internet y que pueda identificarle personalmente est\u00e1 protegido y se trata de acuerdo con nuestra pol\u00edtica de privacidad. Le recomendamos que lea atentamente la pol\u00edtica de privacidad antes de confiarnos datos personales. <\/p><p>Cualquier otra informaci\u00f3n o material que comunique a trav\u00e9s de Internet a CSA, por correo electr\u00f3nico o cualquier otro medio, incluyendo fechas, preguntas, comentarios, sugerencias, ideas, gr\u00e1ficos, etc., no ser\u00e1 tratado como confidencial ni de propiedad exclusiva. Todo lo que transmita o cargue pasar\u00e1 a ser propiedad de CSA y podr\u00e1 utilizarse sin restricciones para cualquier fin. Dicho material podr\u00e1, concretamente, ser reproducido, divulgado, transmitido, publicado, difundido o cargado. Espec\u00edficamente, CSA tendr\u00e1 libertad para utilizar cualquier idea, concepto, conocimiento t\u00e9cnico o t\u00e9cnica contenida en cualquier comunicaci\u00f3n que env\u00ede al Sitio para cualquier fin, incluyendo, entre otros, el desarrollo, la fabricaci\u00f3n, la publicidad y la comercializaci\u00f3n de productos y servicios utilizando dicha informaci\u00f3n. Cualquier uso de dicha informaci\u00f3n enviada por usted no conllevar\u00e1 compensaci\u00f3n alguna para usted ni para terceros.    <\/p><p>Al transmitir informaci\u00f3n, usted declara que el contenido transmitido es de su propiedad, que no es difamatorio y que su uso por parte de CSA no infringir\u00e1 ning\u00fan derecho de un tercero. CSA no estar\u00e1 obligada a utilizar la informaci\u00f3n transmitida. <\/p><p class=\"termp\">6. Exclusi\u00f3n de garant\u00edas<\/p><p>SIN LIMITAR EL ALCANCE DE LA SECCI\u00d3N 7 A CONTINUACI\u00d3N, TODOS LOS MATERIALES E INFORMACI\u00d3N QUE SE ENCUENTRAN EN EL SITIO SE PROPORCIONAN \u00abTAL CUAL\u00bb, SEG\u00daN DISPONIBILIDAD, Y SIN GARANT\u00cdA DE NING\u00daN TIPO, YA SEA EXPRESA O IMPL\u00cdCITA, INCLUYENDO, ENTRE OTRAS, LA GARANT\u00cdA IMPL\u00cdCITA DE COMERCIABILIDAD O IDONEIDAD PARA UN PROP\u00d3SITO PARTICULAR.<\/p><p>CSA NO GARANTIZA QUE SU SITIO O CONTENIDO CUMPLAN CON SUS EXPECTATIVAS O QUE SEAN ININTERRUMPIDOS, PUNTUALES, SEGUROS O LIBRES DE ERRORES.<\/p><p>Cualquier consejo o informaci\u00f3n obtenida de CSA por escrito u oralmente por o durante el uso de los servicios puestos a disposici\u00f3n en el Sitio no otorga derecho a ninguna garant\u00eda que no est\u00e9 expresamente mencionada en estas Condiciones de uso.<\/p><p class=\"termp\">7. Limitaci\u00f3n de responsabilidad<\/p><p>Usted accede, utiliza y navega por el Sitio bajo su propio riesgo.<\/p><p>USTED RECONOCE Y ACEPTA QUE, EN LA MEDIDA M\u00c1XIMA PERMITIDA POR LA LEY APLICABLE, CSA, SUS FILIALES O LAS EMPRESAS INVOLUCRADAS EN LA CREACI\u00d3N, PRODUCCI\u00d3N O ENTREGA DEL SITIO NO SER\u00c1N RESPONSABLES DE NING\u00daN DA\u00d1O DIRECTO, INDIRECTO, INCIDENTAL O CONSECUENTE, COSTES, P\u00c9RDIDAS, REDUCCI\u00d3N DE LA FACTURACI\u00d3N O DE LOS BENEFICIOS, NI RESPONSABILIDADES DE CUALQUIER TIPO (INCLUSO SI LA OCURRENCIA DE DICHO DA\u00d1O ERA CONOCIDA O PODR\u00cdA HABER SIDO PREVISTA POR CSA), QUE PUEDAN RESULTAR DEL USO O, POR EL CONTRARIO, DE LA IMPOSIBILIDAD DE UTILIZAR EL SITIO O SUS CONTENIDOS.<\/p><p>CUALQUIER USO DE LOS MATERIALES DESCARGADOS U OBTENIDOS DE OTRO MODO A TRAV\u00c9S DEL USO DEL SITIO ES BAJO SU PROPIO RIESGO. CSA no acepta ninguna responsabilidad por cualquier da\u00f1o o virus que pueda afectar a su ordenador o hardware como resultado del acceso o uso del Sitio o de la descarga de materiales del mismo, ni por interferencias il\u00edcitas en los sistemas inform\u00e1ticos. <\/p><p>CSA se reserva el derecho de interrumpir o suspender todas o algunas de las funciones del Sitio. CSA no acepta responsabilidad alguna por cualquier interrupci\u00f3n o suspensi\u00f3n de todas o algunas de las funciones del Sitio resultantes de las acciones u omisiones de CSA o de un tercero. <\/p><p class=\"termp\">8. Cambio de informaci\u00f3n<\/p><p>El contenido del Sitio puede incluir inexactitudes o errores. CSA se reserva el derecho, en cualquier momento y sin previo aviso, de modificar, corregir o mejorar dicho contenido, pero no se hace responsable de estos errores o inexactitudes. <\/p><p class=\"termp\">9. Enlaces<\/p><p>Como servicio a nuestros visitantes, el Sitio puede contener hiperv\u00ednculos a otros sitios web que no son operados ni controlados por CSA. CSA no puede hacerse responsable de estos sitios y declina toda responsabilidad por su contenido, legalidad, exactitud o funcionamiento. <\/p><p>Queda prohibida cualquier creaci\u00f3n de hiperv\u00ednculos con el Sitio sin el consentimiento previo por escrito de CSA.<\/p><p class=\"termp\">10. Incumplimiento<\/p><p>Sin limitar los derechos previstos de otro modo, nos reservamos el derecho de denegarle el acceso al Sitio o de negarnos a prestar los servicios mostrados en el mismo si no cumple con estas Condiciones de uso.<\/p><p class=\"termp\">11. Miscel\u00e1nea<\/p><p>Estas Condiciones de uso constituyen el acuerdo \u00edntegro entre CSA y usted con respecto al acceso y uso del Sitio y su contenido. Cualquier otra disposici\u00f3n establecida por CSA que rija su relaci\u00f3n con usted, particularmente en lo que respecta a la prestaci\u00f3n de un servicio y nuestra pol\u00edtica de privacidad, complementa las Condiciones de uso. En caso de contradicci\u00f3n entre ellas, se dar\u00e1 prioridad a las otras disposiciones.  <\/p><p>Si alguna disposici\u00f3n de estas Condiciones de uso se considera inv\u00e1lida o inaplicable, las partes acuerdan que sus intenciones, tal como se reflejan en la disposici\u00f3n inv\u00e1lida, se llevar\u00e1n a cabo en la medida m\u00e1xima permitida, y las dem\u00e1s disposiciones de las Condiciones de uso permanecer\u00e1n en pleno vigor y efecto.<\/p><p>Cualquier tolerancia o renuncia por parte de CSA en la aplicaci\u00f3n de la totalidad o parte de las cl\u00e1usulas de estas Condiciones de uso, por frecuente y prolongada que sea, no se considerar\u00e1 una renuncia a su aplicaci\u00f3n.<\/p><p>Los t\u00edtulos de las secciones de las Condiciones de uso son solo para fines informativos y no pueden alterar ni modificar los t\u00e9rminos de ninguna manera.<\/p><p class=\"termp\">12. Ley aplicable y jurisdicci\u00f3n<\/p><p>Estas Condiciones de uso se rigen exclusivamente por el derecho sustantivo suizo, sin tener en cuenta las disposiciones sobre conflicto de leyes.<\/p><p>Cualquier disputa o reclamaci\u00f3n que surja de o est\u00e9 relacionada con el uso del Sitio estar\u00e1 sujeta a la jurisdicci\u00f3n exclusiva de los tribunales de Ginebra, Suiza, con sujeci\u00f3n a un recurso ante el Tribunal Supremo suizo.<\/p>\t\t\t\t\t\t\t\t<\/div>\n\t\t\t\t<\/div>\n\t\t\t\t\t<\/div>\n\t\t\t\t<\/div>\n\t\t\t\t<\/div>\n\t\t","protected":false},"excerpt":{"rendered":"<p>Bienvenido a www.close.ltd (el Sitio), un sitio web gestionado por la empresa Close SA, con sede en route de Saint-Julien 198, 1228 [&hellip;]<\/p>\n","protected":false},"author":1,"featured_media":0,"parent":0,"menu_order":0,"comment_status":"closed","ping_status":"closed","template":"","meta":{"footnotes":""},"class_list":["post-999","page","type-page","status-publish","hentry"],"_links":{"self":[{"href":"https:\/\/alliance.close.ltd\/es\/wp-json\/wp\/v2\/pages\/999","targetHints":{"allow":["GET"]}}],"collection":[{"href":"https:\/\/alliance.close.ltd\/es\/wp-json\/wp\/v2\/pages"}],"about":[{"href":"https:\/\/alliance.close.ltd\/es\/wp-json\/wp\/v2\/types\/page"}],"author":[{"embeddable":true,"href":"https:\/\/alliance.close.ltd\/es\/wp-json\/wp\/v2\/users\/1"}],"replies":[{"embeddable":true,"href":"https:\/\/alliance.close.ltd\/es\/wp-json\/wp\/v2\/comments?post=999"}],"version-history":[{"count":2,"href":"https:\/\/alliance.close.ltd\/es\/wp-json\/wp\/v2\/pages\/999\/revisions"}],"predecessor-version":[{"id":1983,"href":"https:\/\/alliance.close.ltd\/es\/wp-json\/wp\/v2\/pages\/999\/revisions\/1983"}],"wp:attachment":[{"href":"https:\/\/alliance.close.ltd\/es\/wp-json\/wp\/v2\/media?parent=999"}],"curies":[{"name":"wp","href":"https:\/\/api.w.org\/{rel}","templated":true}]}}